{"id":6952,"date":"2021-07-01T11:09:02","date_gmt":"2021-07-01T11:09:02","guid":{"rendered":"http:\/\/www.jenergyspa.it\/privacy-policy-jenergy-spa\/"},"modified":"2021-07-01T11:09:02","modified_gmt":"2021-07-01T11:09:02","slug":"privacy-policy-jenergy-spa","status":"publish","type":"page","link":"https:\/\/www.jenergyspa.it\/en\/privacy-policy-jenergy-spa\/","title":{"rendered":"PRIVACY POLICY JENERGY SPA"},"content":{"rendered":"<p><strong>PRIVACY POLICY JENERGY SPA<\/strong><\/p>\n<p>Questo sito web contiene informazioni e documenti generali relativi alla societ\u00e0 jEnergy S. p.A., pubblicati a solo scopo informativo. Tutte le informazioni, il materiale, le immagini e i documenti presenti su questo sito web sono tutelati dalle norme sul diritto d\u2019autore e ne \u00e8 vietato l\u2019uso senza espresso consenso di jEnergy SpA. Il materiale pubblicato su questo sito web \u00e8 di propriet\u00e0 esclusiva di jEenergySpA. In questa pagina si descrivono le modalit\u00e0 di gestione del sito in riferimento al trattamento dei dati personali degli utenti che lo consultano.<\/p>\n<p>Si tratta di un\u2019informativa che \u00e8 resa anche ai sensi dell&#8217;art. 13 del Regolamento 2016\/679\/UE (Regolamento generale sulla protezione dei dati \u2013 di seguito anche \u201cGDPR\u201d) a coloro che interagiscono con i servizi web, accessibili per via telematica a partire dall\u2019indirizzo: <span style=\"text-decoration: underline;\"><a href=\"http:\/\/www.jenergyspa.it\/\">www.jenergyspa.it<\/a><\/span> corrispondente alla pagina iniziale del sito della societ\u00e0 jEnergy S. p.A.<\/p>\n<p>L\u2019informativa \u00e8 resa solo per questo sito web e non anche per altri siti web eventualmente consultati dall\u2019utente tramite i link presenti sulle pagine del sito medesimo.<\/p>\n<p><strong>TITOLARE DEL TRATTAMENTO<\/strong><br \/>\nA seguito della consultazione di questo sito possono essere trattati dati relativi a persone identificate o identificabili.<\/p>\n<p>Il Titolare del trattamento \u00e8 la societ\u00e0 jEnergy S. p.A., con sede in Roma, Via Adolfo Rav\u00e0 n. 49 \u2013 00142, che, tramite il proprio Privacy Officer, \u00e8 sempre raggiungibile al seguente indirizzo mail <span style=\"text-decoration: underline;\"><a href=\"mailto:privacy@jenergyspa.it\">privacy@jenergyspa.it<\/a><\/span>.<\/p>\n<p><strong>LUOGO DI TRATTAMENTO DEI DATI<\/strong><br \/>\nI trattamenti connessi ai servizi web di questo sito hanno luogo presso la sede di jEnergy Spa, Via Adolfo Rav\u00e0 49 &#8211; 00142 Roma, e sono curati solo da personale autorizzato al trattamento e dalla societ\u00e0 ZOWART s. r.l. con sede in via di Porta Pinciana, 6 \u2013 00187 Roma, appositamente nominata Responsabile del Trattamento da parte del Titolare, che si occupa della gestione tecnica del sito e di occasionali operazioni di manutenzione ed il cui personale, adeguatamente formato rispetto alla tutela della riservatezza, \u00e8 autorizzato al trattamento. Nessun dato derivante dal servizio web viene diffuso n\u00e9 comunicato a soggetti ulteriori rispetto al Responsabile incaricato della gestione del Sito come sopra identificato.<\/p>\n<p><strong>TIPO DI DATI TRATTATI<\/strong><br \/>\n<strong>1. Dati di navigazione<\/strong><br \/>\nI sistemi informatici e le procedure software preposte al funzionamento di questo sito web acquisiscono, nel corso del loro normale esercizio, alcuni dati personali la cui trasmissione \u00e8 implicita nell\u2019uso dei protocolli di comunicazione di Internet. Si tratta di informazioni che non sono raccolte per essere associate a interessati identificati, ma che per loro stessa natura potrebbero, attraverso elaborazioni ed associazioni con dati detenuti da terzi, permettere di identificare gli utenti. In questa categoria di dati rientrano gli indirizzi IP (indirizzi internet assegnati al computer dell\u2019utente dal provider del servizio internet), i nomi a dominio dei computer utilizzati dagli utenti che si connettono al sito, il browser (per esempio Firefox o Internet Explorer), la data, l\u2019orario della richiesta ed altri parametri relativi al sistema operativo e all\u2019ambiente informatico dell\u2019utente. Questi dati potrebbero essere utilizzati per l\u2019accertamento di responsabilit\u00e0 in caso di eventuali reati informatici ai danni del sito e vengono comunque cancellati dopo l\u2019elaborazione entro una settimana. Per l\u2019uso dei cookie tecnici si invita a consultare la relativa informativa cliccando sul seguente <span style=\"text-decoration: underline;\"><a href=\"http:\/\/www.jenergyspa.it\/cookie-policy\/\">link<\/a><\/span>.<\/p>\n<p><strong>2. Dati forniti volontariamente dall\u2019utente<\/strong><br \/>\nL&#8217;invio facoltativo, esplicito e volontario di posta elettronica agli indirizzi di contatto indicati su questo sito e\/o l\u2019invio di comunicazioni attraverso i moduli ivi presenti comporta la successiva acquisizione dei dati di contatto del mittente, necessario per rispondere alle richieste, nonch\u00e9 di tutti i dati personali inclusi nelle comunicazioni.<\/p>\n<p>Specifiche informative verranno pubblicate nelle pagine del sito predisposte per l&#8217;erogazione di determinati servizi.<\/p>\n<p><strong>OBBLIGATORIETA\u2019 E FACOLTATIVITA\u2019 DEL CONFERIMENTO DEI DATI<\/strong><br \/>\nDiversamente dai dati di navigazione, il cui trattamento non necessita di un consenso da parte dell\u2019utente, il conferimento dei dati personali indicati nei moduli di richiesta informazioni \u00e8 invece facoltativo. Il mancato conferimento dei dati pu\u00f2 solo comportare l&#8217;impossibilit\u00e0 di ottenere quanto richiesto, ma non impedisce la navigazione del Sito.<\/p>\n<p><strong>MODALITA\u2019 DEL TRATTAMENTO<\/strong><br \/>\nI dati personali sono trattati con strumenti automatizzati e conservati per un periodo di tempo non superiore a quello necessario al soddisfacimento delle finalit\u00e0 indicate e, in ogni caso, non superiore a quello previsto dalla normativa rilevante in materia. Specifiche misure di sicurezza sono osservate per prevenire le violazioni di sicurezza che comportino, accidentalmente o in modo illecito, la distruzione, la perdita, la modifica, la divulgazione non autorizzata o l&#8217;accesso ai dati personali trasmessi, conservati o comunque trattati.<\/p>\n<p><strong>DIRITTI DEGLI INTERESSATI<\/strong><br \/>\nGli interessati potranno esercitare i diritti di cui agli artt. 15 e ss. del GDPR, quali in particolare quelli di chiedere al titolare del trattamento l&#8217;accesso ai dati personali e la rettifica o la cancellazione degli stessi o la limitazione del trattamento che lo riguardano o di opporsi al loro trattamento, oltre al diritto alla portabilit\u00e0 dei dati nei casi previsti dalla legge. Tali diritti potranno essere esercitati inviando una mail all\u2019attenzione del Privacy Officer del Titolare al seguente indirizzo di posta elettronica: <a href=\"mailto:privacy@jenergyspa.it\"><span style=\"text-decoration: underline;\">privacy@jenergyspa.it<\/span><\/a> oppure scrivendo al Titolare (all\u2019attenzione del Privacy Officer) di cui si riportano qui di seguito gli estremi identificativi: jEnergy S. p.A., con sede in Roma, Via Adolfo Rav\u00e0 n. 49 \u2013 00142. In particolare, l&#8217;interessato, avr\u00e0 sempre il diritto di opporsi, in tutto o in parte:<\/p>\n<p>a) per motivi legittimi, al trattamento dei dati personali che lo riguardano, ancorch\u00e9 pertinenti allo scopo della raccolta;<\/p>\n<p>b) al trattamento di dati personali che lo riguardano a fini di invio di materiale pubblicitario o di vendita diretta o per il compimento di ricerche di mercato o di comunicazione commerciale.<\/p>\n<p>In caso di violazione della normativa rilevante in materia di trattamento dati personali, l\u2019interessato pu\u00f2 sempre proporre reclamo all\u2019Autorit\u00e0 Garante per la protezione dei dati personali i cui recapiti sono rinvenibili sul sito <a href=\"https:\/\/www.garanteprivacy.it\/\" target=\"_blank\" rel=\"noopener\">www.garanteprivacy.it<\/a>.<\/p>\n<p>Il presente documento costituisce la &#8220;Privacy Policy&#8221; di questo sito che potr\u00e0 essere soggetta a futuri aggiornamenti.<\/p>\n","protected":false},"excerpt":{"rendered":"<p>PRIVACY POLICY JENERGY SPA Questo sito web contiene informazioni e documenti generali relativi alla societ\u00e0 jEnergy S. p.A., pubblicati a solo scopo informativo. Tutte le informazioni, il materiale, le immagini&#8230;<\/p>\n","protected":false},"author":1,"featured_media":0,"parent":0,"menu_order":0,"comment_status":"closed","ping_status":"closed","template":"","meta":{"inline_featured_image":false,"footnotes":""},"class_list":["post-6952","page","type-page","status-publish"],"_links":{"self":[{"href":"https:\/\/www.jenergyspa.it\/en\/wp-json\/wp\/v2\/pages\/6952","targetHints":{"allow":["GET"]}}],"collection":[{"href":"https:\/\/www.jenergyspa.it\/en\/wp-json\/wp\/v2\/pages"}],"about":[{"href":"https:\/\/www.jenergyspa.it\/en\/wp-json\/wp\/v2\/types\/page"}],"author":[{"embeddable":true,"href":"https:\/\/www.jenergyspa.it\/en\/wp-json\/wp\/v2\/users\/1"}],"replies":[{"embeddable":true,"href":"https:\/\/www.jenergyspa.it\/en\/wp-json\/wp\/v2\/comments?post=6952"}],"version-history":[{"count":0,"href":"https:\/\/www.jenergyspa.it\/en\/wp-json\/wp\/v2\/pages\/6952\/revisions"}],"wp:attachment":[{"href":"https:\/\/www.jenergyspa.it\/en\/wp-json\/wp\/v2\/media?parent=6952"}],"curies":[{"name":"wp","href":"https:\/\/api.w.org\/{rel}","templated":true}]}}